{"id":5,"date":"2020-11-06T19:52:41","date_gmt":"2020-11-06T19:52:41","guid":{"rendered":"http:\/\/deepsales.com.br\/?page_id=2"},"modified":"2021-01-11T22:11:16","modified_gmt":"2021-01-11T22:11:16","slug":"pagina-exemplo-2","status":"publish","type":"page","link":"https:\/\/deepsales.com.br\/","title":{"rendered":""},"content":{"rendered":"\n<div class=\"wp-block-cover alignfull\" style=\"background-image:url(http:\/\/deepsales.com.br\/wp-content\/uploads\/2020\/11\/cover_page.png);background-position:51% 35%;min-height:375px\"><div class=\"wp-block-cover__inner-container\">\n<p class=\"has-text-align-left has-large-font-size\"><\/p>\n<\/div><\/div>\n\n\n\n<h4>Projetos Digitais | Planejamento &amp; Execu\u00e7\u00e3o<br>Digital Projects | Planning &amp; Execution<br>Proyectos Digitales | Planificaci\u00f3n y ejecuci\u00f3n<\/h4>\n\n\n\n<hr class=\"wp-block-separator\"\/>\n\n\n\n<h5><strong>F<\/strong>ernando Cruz<br><a rel=\"noreferrer noopener\" href=\"mailto:fernandocruz@deepsales.com.br\" target=\"_blank\"><strong>fernandocruz@deepsales.com.br<\/strong><\/a><br><a rel=\"noreferrer noopener\" href=\"https:\/\/web.whatsapp.com\/send?phone=5511989338300\" target=\"_blank\"><strong>+55 11 98933-8300<\/strong><\/a><br><img loading=\"lazy\" width=\"426\" height=\"426\" class=\"wp-image-25\" style=\"width: 300px;\" src=\"http:\/\/deepsales.com.br\/wp-content\/uploads\/2020\/11\/image.png\" alt=\"\" srcset=\"https:\/\/deepsales.com.br\/wp-content\/uploads\/2020\/11\/image.png 426w, https:\/\/deepsales.com.br\/wp-content\/uploads\/2020\/11\/image-300x300.png 300w, https:\/\/deepsales.com.br\/wp-content\/uploads\/2020\/11\/image-150x150.png 150w\" sizes=\"(max-width: 426px) 100vw, 426px\" \/><\/h5>\n","protected":false},"excerpt":{"rendered":"<p>Projetos Digitais | Planejamento &amp; Execu\u00e7\u00e3oDigital Projects | Planning &amp; ExecutionProyectos Digitales | Planificaci\u00f3n y ejecuci\u00f3n Fernando Cruzfernandocruz@deepsales.com.br+55 11 98933-8300<\/p>\n","protected":false},"author":1,"featured_media":0,"parent":0,"menu_order":0,"comment_status":"closed","ping_status":"open","template":"","meta":[],"_links":{"self":[{"href":"https:\/\/deepsales.com.br\/index.php?rest_route=\/wp\/v2\/pages\/5"}],"collection":[{"href":"https:\/\/deepsales.com.br\/index.php?rest_route=\/wp\/v2\/pages"}],"about":[{"href":"https:\/\/deepsales.com.br\/index.php?rest_route=\/wp\/v2\/types\/page"}],"author":[{"embeddable":true,"href":"https:\/\/deepsales.com.br\/index.php?rest_route=\/wp\/v2\/users\/1"}],"replies":[{"embeddable":true,"href":"https:\/\/deepsales.com.br\/index.php?rest_route=%2Fwp%2Fv2%2Fcomments&post=5"}],"version-history":[{"count":10,"href":"https:\/\/deepsales.com.br\/index.php?rest_route=\/wp\/v2\/pages\/5\/revisions"}],"predecessor-version":[{"id":38,"href":"https:\/\/deepsales.com.br\/index.php?rest_route=\/wp\/v2\/pages\/5\/revisions\/38"}],"wp:attachment":[{"href":"https:\/\/deepsales.com.br\/index.php?rest_route=%2Fwp%2Fv2%2Fmedia&parent=5"}],"curies":[{"name":"wp","href":"https:\/\/api.w.org\/{rel}","templated":true}]}}